{"id":2661,"date":"2026-03-19T18:51:21","date_gmt":"2026-03-19T17:51:21","guid":{"rendered":"https:\/\/naraequino.org\/?page_id=2661"},"modified":"2026-04-15T23:05:42","modified_gmt":"2026-04-15T21:05:42","slug":"guardianes-en-la-tierra","status":"publish","type":"page","link":"https:\/\/naraequino.org\/en\/guardianes-en-la-tierra\/","title":{"rendered":"TO GUARDIANS ON EARTH"},"content":{"rendered":"\t\t<div data-elementor-type=\"wp-page\" data-elementor-id=\"2661\" class=\"elementor elementor-2661\" data-elementor-post-type=\"page\">\n\t\t\t\t<div class=\"elementor-element elementor-element-76ac0f0 e-con-full e-flex e-con e-parent\" data-id=\"76ac0f0\" data-element_type=\"container\" data-e-type=\"container\" data-settings=\"{&quot;background_background&quot;:&quot;slideshow&quot;,&quot;background_slideshow_gallery&quot;:[{&quot;id&quot;:2251,&quot;url&quot;:&quot;https:\\\/\\\/naraequino.org\\\/wp-content\\\/uploads\\\/2026\\\/03\\\/2.png&quot;}],&quot;background_slideshow_loop&quot;:&quot;yes&quot;,&quot;background_slideshow_slide_duration&quot;:5000,&quot;background_slideshow_slide_transition&quot;:&quot;fade&quot;,&quot;background_slideshow_transition_duration&quot;:500}\">\n\t\t\t\t<div class=\"elementor-element elementor-element-e07a1a9 elementor-widget elementor-widget-spacer\" data-id=\"e07a1a9\" data-element_type=\"widget\" data-e-type=\"widget\" data-widget_type=\"spacer.default\">\n\t\t\t\t<div class=\"elementor-widget-container\">\n\t\t\t\t\t\t\t<div class=\"elementor-spacer\">\n\t\t\t<div class=\"elementor-spacer-inner\"><\/div>\n\t\t<\/div>\n\t\t\t\t\t\t<\/div>\n\t\t\t\t<\/div>\n\t\t\t\t<div class=\"elementor-element elementor-element-184caee elementor-widget elementor-widget-heading\" data-id=\"184caee\" data-element_type=\"widget\" data-e-type=\"widget\" data-widget_type=\"heading.default\">\n\t\t\t\t<div class=\"elementor-widget-container\">\n\t\t\t\t\t<h2 class=\"elementor-heading-title elementor-size-default\">GUARDIANES EN TIERA <\/h2>\t\t\t\t<\/div>\n\t\t\t\t<\/div>\n\t\t\t\t<div class=\"elementor-element elementor-element-3c7e57c elementor-widget elementor-widget-spacer\" data-id=\"3c7e57c\" data-element_type=\"widget\" data-e-type=\"widget\" data-widget_type=\"spacer.default\">\n\t\t\t\t<div class=\"elementor-widget-container\">\n\t\t\t\t\t\t\t<div class=\"elementor-spacer\">\n\t\t\t<div class=\"elementor-spacer-inner\"><\/div>\n\t\t<\/div>\n\t\t\t\t\t\t<\/div>\n\t\t\t\t<\/div>\n\t\t\t\t<\/div>\n\t\t<div class=\"elementor-element elementor-element-51883e2 e-flex e-con-boxed e-con e-parent\" data-id=\"51883e2\" data-element_type=\"container\" data-e-type=\"container\">\n\t\t\t\t\t<div class=\"e-con-inner\">\n\t\t<div class=\"elementor-element elementor-element-cd208ab e-con-full e-flex e-con e-child\" data-id=\"cd208ab\" data-element_type=\"container\" data-e-type=\"container\">\n\t\t\t\t<div class=\"elementor-element elementor-element-5ffb2bb elementor-widget-mobile__width-initial elementor-widget elementor-widget-heading\" data-id=\"5ffb2bb\" data-element_type=\"widget\" data-e-type=\"widget\" data-widget_type=\"heading.default\">\n\t\t\t\t<div class=\"elementor-widget-container\">\n\t\t\t\t\t<h2 class=\"elementor-heading-title elementor-size-default\">PIES A TIERRA <\/h2>\t\t\t\t<\/div>\n\t\t\t\t<\/div>\n\t\t\t\t<div class=\"elementor-element elementor-element-ec6a0e3 elementor-widget-mobile__width-initial elementor-widget elementor-widget-heading\" data-id=\"ec6a0e3\" data-element_type=\"widget\" data-e-type=\"widget\" data-widget_type=\"heading.default\">\n\t\t\t\t<div class=\"elementor-widget-container\">\n\t\t\t\t\t<h2 class=\"elementor-heading-title elementor-size-default\">PIES A TIERRA \n<\/h2>\t\t\t\t<\/div>\n\t\t\t\t<\/div>\n\t\t\t\t<div class=\"elementor-element elementor-element-0c32f29 elementor-widget-mobile__width-initial elementor-widget elementor-widget-text-editor\" data-id=\"0c32f29\" data-element_type=\"widget\" data-e-type=\"widget\" data-widget_type=\"text-editor.default\">\n\t\t\t\t<div class=\"elementor-widget-container\">\n\t\t\t\t\t\t\t\t\t<p data-start=\"108\" data-end=\"273\">Un espacio creado para toda la comunidad y para todas las edades, donde a trav\u00e9s de experiencias sensoriales conectamos con la naturaleza, el cuerpo y las emociones.<\/p><p data-start=\"275\" data-end=\"545\">En presencia de los caballos \u2014y dentro de su campo energ\u00e9tico\u2014 podemos experimentar una conexi\u00f3n profunda que nos invita a sentir, regularnos y volver al equilibrio.<\/p><p data-start=\"275\" data-end=\"545\">Su coherencia y sensibilidad nos gu\u00edan de manera natural hacia estados de calma, conciencia y bienestar.<\/p><p data-start=\"547\" data-end=\"734\">Aqu\u00ed, cada actividad est\u00e1 dise\u00f1ada para acompa\u00f1ar procesos de conexi\u00f3n, integraci\u00f3n y presencia, fomentando una relaci\u00f3n m\u00e1s consciente con nosotros mismos, con los dem\u00e1s y con la Tierra.<\/p><p data-start=\"736\" data-end=\"829\">Un lugar donde todos son bienvenidos a sentir, a reconectar y a ser parte de algo m\u00e1s grande.<\/p>\t\t\t\t\t\t\t\t<\/div>\n\t\t\t\t<\/div>\n\t\t\t\t<div class=\"elementor-element elementor-element-d12fae2 elementor-widget-mobile__width-initial elementor-widget elementor-widget-heading\" data-id=\"d12fae2\" data-element_type=\"widget\" data-e-type=\"widget\" data-widget_type=\"heading.default\">\n\t\t\t\t<div class=\"elementor-widget-container\">\n\t\t\t\t\t<h2 class=\"elementor-heading-title elementor-size-default\">conectamos con la naturaleza, el cuerpo y las emociones.<\/h2>\t\t\t\t<\/div>\n\t\t\t\t<\/div>\n\t\t\t\t<\/div>\n\t\t<div class=\"elementor-element elementor-element-2b05d8d e-con-full e-flex e-con e-child\" data-id=\"2b05d8d\" data-element_type=\"container\" data-e-type=\"container\">\n\t\t\t\t<div class=\"elementor-element elementor-element-53f65c3 elementor-widget elementor-widget-image\" data-id=\"53f65c3\" data-element_type=\"widget\" data-e-type=\"widget\" data-widget_type=\"image.default\">\n\t\t\t\t<div class=\"elementor-widget-container\">\n\t\t\t\t\t\t\t\t\t\t\t\t\t\t\t<img fetchpriority=\"high\" decoding=\"async\" width=\"751\" height=\"727\" src=\"https:\/\/naraequino.org\/wp-content\/uploads\/2026\/04\/Captura-de-pantalla-2026-03-11-a-las-3.49.56-p.m-1024x991.png\" class=\"attachment-large size-large wp-image-3677\" alt=\"\" srcset=\"https:\/\/naraequino.org\/wp-content\/uploads\/2026\/04\/Captura-de-pantalla-2026-03-11-a-las-3.49.56-p.m-1024x991.png 1024w, https:\/\/naraequino.org\/wp-content\/uploads\/2026\/04\/Captura-de-pantalla-2026-03-11-a-las-3.49.56-p.m-300x290.png 300w, https:\/\/naraequino.org\/wp-content\/uploads\/2026\/04\/Captura-de-pantalla-2026-03-11-a-las-3.49.56-p.m-768x743.png 768w, https:\/\/naraequino.org\/wp-content\/uploads\/2026\/04\/Captura-de-pantalla-2026-03-11-a-las-3.49.56-p.m-12x12.png 12w, https:\/\/naraequino.org\/wp-content\/uploads\/2026\/04\/Captura-de-pantalla-2026-03-11-a-las-3.49.56-p.m.png 1182w\" sizes=\"(max-width: 751px) 100vw, 751px\" \/>\t\t\t\t\t\t\t\t\t\t\t\t\t\t\t<\/div>\n\t\t\t\t<\/div>\n\t\t\t\t<\/div>\n\t\t\t\t\t<\/div>\n\t\t\t\t<\/div>\n\t\t<div class=\"elementor-element elementor-element-df964f2 e-con-full e-flex e-con e-parent\" data-id=\"df964f2\" data-element_type=\"container\" data-e-type=\"container\">\n\t\t\t\t<div class=\"elementor-element elementor-element-6110a3e elementor-widget-mobile__width-initial elementor-widget elementor-widget-heading\" data-id=\"6110a3e\" data-element_type=\"widget\" data-e-type=\"widget\" data-widget_type=\"heading.default\">\n\t\t\t\t<div class=\"elementor-widget-container\">\n\t\t\t\t\t<h2 class=\"elementor-heading-title elementor-size-default\">conectamos con la naturaleza, el cuerpo y las emociones.\n<\/h2>\t\t\t\t<\/div>\n\t\t\t\t<\/div>\n\t\t\t\t<\/div>\n\t\t<div class=\"elementor-element elementor-element-8eacc16 elementor-hidden-desktop elementor-hidden-tablet elementor-hidden-mobile e-flex e-con-boxed e-con e-parent\" data-id=\"8eacc16\" data-element_type=\"container\" data-e-type=\"container\">\n\t\t\t\t\t<div class=\"e-con-inner\">\n\t\t<div class=\"elementor-element elementor-element-d22480c e-con-full e-flex e-con e-child\" data-id=\"d22480c\" data-element_type=\"container\" data-e-type=\"container\" data-settings=\"{&quot;background_background&quot;:&quot;classic&quot;}\">\n\t\t\t\t<div class=\"elementor-element elementor-element-b8c2dd3 elementor-widget elementor-widget-heading\" data-id=\"b8c2dd3\" data-element_type=\"widget\" data-e-type=\"widget\" data-widget_type=\"heading.default\">\n\t\t\t\t<div class=\"elementor-widget-container\">\n\t\t\t\t\t<p class=\"elementor-heading-title elementor-size-default\">caballos <\/p>\t\t\t\t<\/div>\n\t\t\t\t<\/div>\n\t\t\t\t<div class=\"elementor-element elementor-element-b17f307 elementor-widget elementor-widget-heading\" data-id=\"b17f307\" data-element_type=\"widget\" data-e-type=\"widget\" data-widget_type=\"heading.default\">\n\t\t\t\t<div class=\"elementor-widget-container\">\n\t\t\t\t\t<h2 class=\"elementor-heading-title elementor-size-default\"><a href=\"#\">YOGA <\/a><\/h2>\t\t\t\t<\/div>\n\t\t\t\t<\/div>\n\t\t\t\t<div class=\"elementor-element elementor-element-38927cc elementor-widget elementor-widget-spacer\" data-id=\"38927cc\" data-element_type=\"widget\" data-e-type=\"widget\" data-widget_type=\"spacer.default\">\n\t\t\t\t<div class=\"elementor-widget-container\">\n\t\t\t\t\t\t\t<div class=\"elementor-spacer\">\n\t\t\t<div class=\"elementor-spacer-inner\"><\/div>\n\t\t<\/div>\n\t\t\t\t\t\t<\/div>\n\t\t\t\t<\/div>\n\t\t\t\t<\/div>\n\t\t<div class=\"elementor-element elementor-element-77d40ed e-con-full e-flex e-con e-child\" data-id=\"77d40ed\" data-element_type=\"container\" data-e-type=\"container\" data-settings=\"{&quot;background_background&quot;:&quot;classic&quot;}\">\n\t\t\t\t<div class=\"elementor-element elementor-element-835602e elementor-widget elementor-widget-heading\" data-id=\"835602e\" data-element_type=\"widget\" data-e-type=\"widget\" data-widget_type=\"heading.default\">\n\t\t\t\t<div class=\"elementor-widget-container\">\n\t\t\t\t\t<p class=\"elementor-heading-title elementor-size-default\">caballos <\/p>\t\t\t\t<\/div>\n\t\t\t\t<\/div>\n\t\t\t\t<div class=\"elementor-element elementor-element-c46846b elementor-widget elementor-widget-heading\" data-id=\"c46846b\" data-element_type=\"widget\" data-e-type=\"widget\" data-widget_type=\"heading.default\">\n\t\t\t\t<div class=\"elementor-widget-container\">\n\t\t\t\t\t<h2 class=\"elementor-heading-title elementor-size-default\"><a href=\"#\">YOGA <\/a><\/h2>\t\t\t\t<\/div>\n\t\t\t\t<\/div>\n\t\t\t\t<div class=\"elementor-element elementor-element-cb4607d elementor-widget elementor-widget-spacer\" data-id=\"cb4607d\" data-element_type=\"widget\" data-e-type=\"widget\" data-widget_type=\"spacer.default\">\n\t\t\t\t<div class=\"elementor-widget-container\">\n\t\t\t\t\t\t\t<div class=\"elementor-spacer\">\n\t\t\t<div class=\"elementor-spacer-inner\"><\/div>\n\t\t<\/div>\n\t\t\t\t\t\t<\/div>\n\t\t\t\t<\/div>\n\t\t\t\t<\/div>\n\t\t\t\t\t<\/div>\n\t\t\t\t<\/div>\n\t\t<div class=\"elementor-element elementor-element-2a1530d e-con-full e-flex e-con e-parent\" data-id=\"2a1530d\" data-element_type=\"container\" data-e-type=\"container\" data-settings=\"{&quot;background_background&quot;:&quot;gradient&quot;}\">\n\t\t<div class=\"elementor-element elementor-element-ee00adf e-con-full e-flex e-con e-child\" data-id=\"ee00adf\" data-element_type=\"container\" data-e-type=\"container\" data-settings=\"{&quot;background_background&quot;:&quot;gradient&quot;}\">\n\t\t<div class=\"elementor-element elementor-element-d91d75f e-con-full e-flex e-con e-child\" data-id=\"d91d75f\" data-element_type=\"container\" data-e-type=\"container\">\n\t\t\t\t<div class=\"elementor-element elementor-element-deb5f7d elementor-widget elementor-widget-avrixbrand\" data-id=\"deb5f7d\" data-element_type=\"widget\" data-e-type=\"widget\" data-widget_type=\"avrixbrand.default\">\n\t\t\t\t<div class=\"elementor-widget-container\">\n\t\t\t\t\t<div class=\"brand-area relative overflow-hidden brand-style-two-area\"><div class=\"brand-style-one\"><div class=\"container-fill\"><div class=\"row\"><div class=\"col-lg-12\"><div class=\"brand-items\"><div class=\"brand-conetnt\"><div class=\"item\"><h2>YOGA <\/h2><\/div><div class=\"item\"><h2>MEDITACION <\/h2><\/div><div class=\"item\"><h2>MUSIC DANCE <\/h2><\/div><div class=\"item\"><h2>NATURALEZA<\/h2><\/div><div class=\"item\"><h2>ARTE <\/h2><\/div><div class=\"item\"><h2>CULTURAL<\/h2><\/div><\/div><div class=\"brand-conetnt\"><div class=\"item\"><h2>YOGA <\/h2><\/div><div class=\"item\"><h2>MEDITACION <\/h2><\/div><div class=\"item\"><h2>MUSIC DANCE <\/h2><\/div><div class=\"item\"><h2>NATURALEZA<\/h2><\/div><div class=\"item\"><h2>ARTE <\/h2><\/div><div class=\"item\"><h2>CULTURAL<\/h2><\/div><\/div><\/div><\/div><\/div><\/div><\/div><\/div>\t\t\t\t<\/div>\n\t\t\t\t<\/div>\n\t\t\t\t<\/div>\n\t\t\t\t<\/div>\n\t\t\t\t<\/div>\n\t\t<div class=\"elementor-element elementor-element-cecd7b5 e-con-full e-flex e-con e-parent\" data-id=\"cecd7b5\" data-element_type=\"container\" data-e-type=\"container\">\n\t\t<div class=\"elementor-element elementor-element-9561a4d e-con-full e-flex e-con e-child\" data-id=\"9561a4d\" data-element_type=\"container\" data-e-type=\"container\">\n\t\t\t\t<div class=\"elementor-element elementor-element-eec1344 elementor-widget elementor-widget-image\" data-id=\"eec1344\" data-element_type=\"widget\" data-e-type=\"widget\" data-widget_type=\"image.default\">\n\t\t\t\t<div class=\"elementor-widget-container\">\n\t\t\t\t\t\t\t\t\t\t\t\t\t\t\t<img decoding=\"async\" width=\"640\" height=\"1024\" src=\"https:\/\/naraequino.org\/wp-content\/uploads\/2026\/03\/Captura-de-pantalla-2026-03-11-a-las-5.45.38-p.m-640x1024.png\" class=\"attachment-large size-large wp-image-2406\" alt=\"\" \/>\t\t\t\t\t\t\t\t\t\t\t\t\t\t\t<\/div>\n\t\t\t\t<\/div>\n\t\t\t\t<\/div>\n\t\t<div class=\"elementor-element elementor-element-62bf112 e-con-full e-flex e-con e-child\" data-id=\"62bf112\" data-element_type=\"container\" data-e-type=\"container\">\n\t\t\t\t<div class=\"elementor-element elementor-element-13b81ea elementor-widget-mobile__width-initial elementor-widget elementor-widget-heading\" data-id=\"13b81ea\" data-element_type=\"widget\" data-e-type=\"widget\" data-widget_type=\"heading.default\">\n\t\t\t\t<div class=\"elementor-widget-container\">\n\t\t\t\t\t<h2 class=\"elementor-heading-title elementor-size-default\">DISE\u00d1AMOS EXPERIENCIAS PARA TODA LA COMUNIDAD<\/h2>\t\t\t\t<\/div>\n\t\t\t\t<\/div>\n\t\t\t\t<div class=\"elementor-element elementor-element-7a1e5f3 elementor-widget-mobile__width-initial elementor-widget elementor-widget-heading\" data-id=\"7a1e5f3\" data-element_type=\"widget\" data-e-type=\"widget\" data-widget_type=\"heading.default\">\n\t\t\t\t<div class=\"elementor-widget-container\">\n\t\t\t\t\t<h2 class=\"elementor-heading-title elementor-size-default\">GUARDIANES DEL CORAZON KIDS \n\n<\/h2>\t\t\t\t<\/div>\n\t\t\t\t<\/div>\n\t\t\t\t<div class=\"elementor-element elementor-element-7a05291 elementor-widget-mobile__width-initial elementor-widget elementor-widget-text-editor\" data-id=\"7a05291\" data-element_type=\"widget\" data-e-type=\"widget\" data-widget_type=\"text-editor.default\">\n\t\t\t\t<div class=\"elementor-widget-container\">\n\t\t\t\t\t\t\t\t\t<p data-start=\"112\" data-end=\"185\">Muy pronto estaremos compartiendo nuestro calendario de actividades \ud83c\udf3f\u2728<\/p><p data-start=\"187\" data-end=\"370\">En este espacio, estamos cultivando guardianes del coraz\u00f3n \ud83d\udc9b<br data-start=\"248\" data-end=\"251\" \/>Ni\u00f1os y ni\u00f1as que crecen en conexi\u00f3n con la naturaleza, desarrollando su sensibilidad, creatividad y mundo emocional.<\/p><p data-start=\"372\" data-end=\"558\">A trav\u00e9s del encuentro con los caballos \ud83d\udc0e, el arte y la cultura, abrimos experiencias que nutren el alma, fortalecen la confianza y despiertan una conexi\u00f3n m\u00e1s consciente con la vida.<\/p><p data-start=\"560\" data-end=\"622\">Un lugar donde ser, sentir y explorar es parte del camino.<\/p>\t\t\t\t\t\t\t\t<\/div>\n\t\t\t\t<\/div>\n\t\t\t\t<\/div>\n\t\t\t\t<\/div>\n\t\t<div class=\"elementor-element elementor-element-34520db e-flex e-con-boxed e-con e-parent\" data-id=\"34520db\" data-element_type=\"container\" data-e-type=\"container\" data-settings=\"{&quot;background_background&quot;:&quot;classic&quot;}\">\n\t\t\t\t\t<div class=\"e-con-inner\">\n\t\t\t\t<div class=\"elementor-element elementor-element-ba35adc elementor-widget elementor-widget-spacer\" data-id=\"ba35adc\" data-element_type=\"widget\" data-e-type=\"widget\" data-widget_type=\"spacer.default\">\n\t\t\t\t<div class=\"elementor-widget-container\">\n\t\t\t\t\t\t\t<div class=\"elementor-spacer\">\n\t\t\t<div class=\"elementor-spacer-inner\"><\/div>\n\t\t<\/div>\n\t\t\t\t\t\t<\/div>\n\t\t\t\t<\/div>\n\t\t\t\t<div class=\"elementor-element elementor-element-0f8590b elementor-widget elementor-widget-heading\" data-id=\"0f8590b\" data-element_type=\"widget\" data-e-type=\"widget\" data-widget_type=\"heading.default\">\n\t\t\t\t<div class=\"elementor-widget-container\">\n\t\t\t\t\t<h2 class=\"elementor-heading-title elementor-size-default\">Cada taller Experiencia es una oportunidad para caminar junto a la sabidur\u00eda del caballo y despertar una relaci\u00f3n m\u00e1s aut\u00e9ntica con la vida desde el Coraz\u00f6n\n\n <br> <\/h2>\t\t\t\t<\/div>\n\t\t\t\t<\/div>\n\t\t\t\t<div class=\"elementor-element elementor-element-b0100fa elementor-widget elementor-widget-heading\" data-id=\"b0100fa\" data-element_type=\"widget\" data-e-type=\"widget\" data-widget_type=\"heading.default\">\n\t\t\t\t<div class=\"elementor-widget-container\">\n\t\t\t\t\t<h2 class=\"elementor-heading-title elementor-size-default\"> Guardianes del Coraz\u00f3nm Guardianes de la Tierra  \n<br> <\/h2>\t\t\t\t<\/div>\n\t\t\t\t<\/div>\n\t\t\t\t<div class=\"elementor-element elementor-element-3af7790 elementor-widget elementor-widget-spacer\" data-id=\"3af7790\" data-element_type=\"widget\" data-e-type=\"widget\" data-widget_type=\"spacer.default\">\n\t\t\t\t<div class=\"elementor-widget-container\">\n\t\t\t\t\t\t\t<div class=\"elementor-spacer\">\n\t\t\t<div class=\"elementor-spacer-inner\"><\/div>\n\t\t<\/div>\n\t\t\t\t\t\t<\/div>\n\t\t\t\t<\/div>\n\t\t\t\t\t<\/div>\n\t\t\t\t<\/div>\n\t\t<div class=\"elementor-element elementor-element-727b6f1 e-con-full e-flex e-con e-parent\" data-id=\"727b6f1\" data-element_type=\"container\" data-e-type=\"container\">\n\t\t<div class=\"elementor-element elementor-element-332a6e5 e-con-full e-flex e-con e-child\" data-id=\"332a6e5\" data-element_type=\"container\" data-e-type=\"container\" data-settings=\"{&quot;background_background&quot;:&quot;gradient&quot;}\">\n\t\t<div class=\"elementor-element elementor-element-483cb6e e-con-full e-flex e-con e-child\" data-id=\"483cb6e\" data-element_type=\"container\" data-e-type=\"container\" data-settings=\"{&quot;background_background&quot;:&quot;gradient&quot;}\">\n\t\t<div class=\"elementor-element elementor-element-768f843 e-con-full e-flex e-con e-child\" data-id=\"768f843\" data-element_type=\"container\" data-e-type=\"container\">\n\t\t\t\t<div class=\"elementor-element elementor-element-ec24b4e elementor-widget elementor-widget-avrixbrand\" data-id=\"ec24b4e\" data-element_type=\"widget\" data-e-type=\"widget\" data-widget_type=\"avrixbrand.default\">\n\t\t\t\t<div class=\"elementor-widget-container\">\n\t\t\t\t\t<div class=\"brand-area relative overflow-hidden brand-style-two-area\"><div class=\"brand-style-one\"><div class=\"container-fill\"><div class=\"row\"><div class=\"col-lg-12\"><div class=\"brand-items\"><div class=\"brand-conetnt\"><div class=\"item\"><h2>PROXIMAMENTE <\/h2><\/div><div class=\"item\"><h2>EXPERIENCIAS<\/h2><\/div><div class=\"item\"><h2>CABALLOS<\/h2><\/div><div class=\"item\"><h2>NATURALEZA<\/h2><\/div><\/div><div class=\"brand-conetnt\"><div class=\"item\"><h2>PROXIMAMENTE <\/h2><\/div><div class=\"item\"><h2>EXPERIENCIAS<\/h2><\/div><div class=\"item\"><h2>CABALLOS<\/h2><\/div><div class=\"item\"><h2>NATURALEZA<\/h2><\/div><\/div><\/div><\/div><\/div><\/div><\/div><\/div>\t\t\t\t<\/div>\n\t\t\t\t<\/div>\n\t\t\t\t<\/div>\n\t\t\t\t<\/div>\n\t\t\t\t<\/div>\n\t\t\t\t<\/div>\n\t\t<div class=\"elementor-element elementor-element-66a87ca e-con-full e-flex e-con e-parent\" data-id=\"66a87ca\" data-element_type=\"container\" data-e-type=\"container\">\n\t\t<div class=\"elementor-element elementor-element-7d49491 e-con-full e-flex e-con e-child\" data-id=\"7d49491\" data-element_type=\"container\" data-e-type=\"container\" data-settings=\"{&quot;background_background&quot;:&quot;classic&quot;}\">\n\t\t\t\t<div class=\"elementor-element elementor-element-a89a300 elementor-widget-mobile__width-initial elementor-widget elementor-widget-heading\" data-id=\"a89a300\" data-element_type=\"widget\" data-e-type=\"widget\" data-widget_type=\"heading.default\">\n\t\t\t\t<div class=\"elementor-widget-container\">\n\t\t\t\t\t<h2 class=\"elementor-heading-title elementor-size-default\">\n\nPROXIMANTE  CRONOGRAMAS DE ACTIVIDADES <\/h2>\t\t\t\t<\/div>\n\t\t\t\t<\/div>\n\t\t\t\t<div class=\"elementor-element elementor-element-b78c731 elementor-widget elementor-widget-heading\" data-id=\"b78c731\" data-element_type=\"widget\" data-e-type=\"widget\" data-widget_type=\"heading.default\">\n\t\t\t\t<div class=\"elementor-widget-container\">\n\t\t\t\t\t<h2 class=\"elementor-heading-title elementor-size-default\">\n<br> <\/h2>\t\t\t\t<\/div>\n\t\t\t\t<\/div>\n\t\t\t\t<div class=\"elementor-element elementor-element-c455c77 elementor-widget elementor-widget-spacer\" data-id=\"c455c77\" data-element_type=\"widget\" data-e-type=\"widget\" data-widget_type=\"spacer.default\">\n\t\t\t\t<div class=\"elementor-widget-container\">\n\t\t\t\t\t\t\t<div class=\"elementor-spacer\">\n\t\t\t<div class=\"elementor-spacer-inner\"><\/div>\n\t\t<\/div>\n\t\t\t\t\t\t<\/div>\n\t\t\t\t<\/div>\n\t\t\t\t<\/div>\n\t\t\t\t<\/div>\n\t\t<div class=\"elementor-element elementor-element-eaac9e0 e-con-full e-flex e-con e-parent\" data-id=\"eaac9e0\" data-element_type=\"container\" data-e-type=\"container\">\n\t\t<div class=\"elementor-element elementor-element-f2cc8a8 e-con-full e-flex e-con e-child\" data-id=\"f2cc8a8\" data-element_type=\"container\" data-e-type=\"container\" data-settings=\"{&quot;background_background&quot;:&quot;gradient&quot;}\">\n\t\t<div class=\"elementor-element elementor-element-50ab478 e-con-full e-flex e-con e-child\" data-id=\"50ab478\" data-element_type=\"container\" data-e-type=\"container\" data-settings=\"{&quot;background_background&quot;:&quot;gradient&quot;}\">\n\t\t<div class=\"elementor-element elementor-element-fa5b54c e-con-full e-flex e-con e-child\" data-id=\"fa5b54c\" data-element_type=\"container\" data-e-type=\"container\">\n\t\t\t\t<div class=\"elementor-element elementor-element-8c02edd elementor-widget elementor-widget-avrixbrand\" data-id=\"8c02edd\" data-element_type=\"widget\" data-e-type=\"widget\" data-widget_type=\"avrixbrand.default\">\n\t\t\t\t<div class=\"elementor-widget-container\">\n\t\t\t\t\t<div class=\"brand-area relative overflow-hidden brand-style-two-area\"><div class=\"brand-style-one\"><div class=\"container-fill\"><div class=\"row\"><div class=\"col-lg-12\"><div class=\"brand-items\"><div class=\"brand-conetnt\"><div class=\"item\"><h2>PROXIMAMENTE <\/h2><\/div><div class=\"item\"><h2>EXPERIENCIAS<\/h2><\/div><div class=\"item\"><h2>CABALLOS<\/h2><\/div><div class=\"item\"><h2>NATURALEZA<\/h2><\/div><\/div><div class=\"brand-conetnt\"><div class=\"item\"><h2>PROXIMAMENTE <\/h2><\/div><div class=\"item\"><h2>EXPERIENCIAS<\/h2><\/div><div class=\"item\"><h2>CABALLOS<\/h2><\/div><div class=\"item\"><h2>NATURALEZA<\/h2><\/div><\/div><\/div><\/div><\/div><\/div><\/div><\/div>\t\t\t\t<\/div>\n\t\t\t\t<\/div>\n\t\t\t\t<\/div>\n\t\t\t\t<\/div>\n\t\t\t\t<\/div>\n\t\t\t\t<\/div>\n\t\t<div class=\"elementor-element elementor-element-7a3df41 e-flex e-con-boxed e-con e-parent\" data-id=\"7a3df41\" data-element_type=\"container\" data-e-type=\"container\">\n\t\t\t\t\t<div class=\"e-con-inner\">\n\t\t\t\t<div class=\"elementor-element elementor-element-bb62ee4 elementor-widget-mobile__width-initial elementor-widget elementor-widget-heading\" data-id=\"bb62ee4\" data-element_type=\"widget\" data-e-type=\"widget\" data-widget_type=\"heading.default\">\n\t\t\t\t<div class=\"elementor-widget-container\">\n\t\t\t\t\t<h2 class=\"elementor-heading-title elementor-size-default\">HACIENDO EL LLAMADO PARA LA COMUNIDAD HONRANDO A LOS CABALLOS Y LA NATURALEZA <\/h2>\t\t\t\t<\/div>\n\t\t\t\t<\/div>\n\t\t\t\t\t<\/div>\n\t\t\t\t<\/div>\n\t\t<div class=\"elementor-element elementor-element-01bbfc4 e-flex e-con-boxed e-con e-parent\" data-id=\"01bbfc4\" data-element_type=\"container\" data-e-type=\"container\">\n\t\t\t\t\t<div class=\"e-con-inner\">\n\t\t\t\t<div class=\"elementor-element elementor-element-0edb6f5 elementor-widget elementor-widget-video\" data-id=\"0edb6f5\" data-element_type=\"widget\" data-e-type=\"widget\" data-settings=\"{&quot;youtube_url&quot;:&quot;https:\\\/\\\/youtu.be\\\/6zrw6KHq5q4?si=3pfUXRxsFW-UOYfL&quot;,&quot;start&quot;:0.1000000000000000055511151231257827021181583404541015625,&quot;video_type&quot;:&quot;youtube&quot;}\" data-widget_type=\"video.default\">\n\t\t\t\t<div class=\"elementor-widget-container\">\n\t\t\t\t\t\t\t<div class=\"elementor-wrapper elementor-open-inline\">\n\t\t\t<div class=\"elementor-video\"><\/div>\t\t<\/div>\n\t\t\t\t\t\t<\/div>\n\t\t\t\t<\/div>\n\t\t\t\t\t<\/div>\n\t\t\t\t<\/div>\n\t\t\t\t<\/div>\n\t\t","protected":false},"excerpt":{"rendered":"<p>GUARDIANES EN TIERA PIES A TIERRA PIES A TIERRA Un espacio creado para toda la comunidad y para todas las edades, donde a trav\u00e9s de experiencias sensoriales conectamos con la naturaleza, el cuerpo y las emociones. En presencia de los caballos \u2014y dentro de su campo energ\u00e9tico\u2014 podemos experimentar una conexi\u00f3n profunda que nos invita&#8230;<\/p>","protected":false},"author":1,"featured_media":0,"parent":0,"menu_order":0,"comment_status":"closed","ping_status":"closed","template":"","meta":{"_monsterinsights_skip_tracking":false,"_monsterinsights_sitenote_active":false,"_monsterinsights_sitenote_note":"","_monsterinsights_sitenote_category":0,"footnotes":""},"class_list":["post-2661","page","type-page","status-publish","hentry"],"aioseo_notices":[],"_links":{"self":[{"href":"https:\/\/naraequino.org\/en\/wp-json\/wp\/v2\/pages\/2661","targetHints":{"allow":["GET"]}}],"collection":[{"href":"https:\/\/naraequino.org\/en\/wp-json\/wp\/v2\/pages"}],"about":[{"href":"https:\/\/naraequino.org\/en\/wp-json\/wp\/v2\/types\/page"}],"author":[{"embeddable":true,"href":"https:\/\/naraequino.org\/en\/wp-json\/wp\/v2\/users\/1"}],"replies":[{"embeddable":true,"href":"https:\/\/naraequino.org\/en\/wp-json\/wp\/v2\/comments?post=2661"}],"version-history":[{"count":146,"href":"https:\/\/naraequino.org\/en\/wp-json\/wp\/v2\/pages\/2661\/revisions"}],"predecessor-version":[{"id":4035,"href":"https:\/\/naraequino.org\/en\/wp-json\/wp\/v2\/pages\/2661\/revisions\/4035"}],"wp:attachment":[{"href":"https:\/\/naraequino.org\/en\/wp-json\/wp\/v2\/media?parent=2661"}],"curies":[{"name":"wp","href":"https:\/\/api.w.org\/{rel}","templated":true}]}}