{"id":48,"date":"2023-07-22T07:03:00","date_gmt":"2023-07-22T07:03:00","guid":{"rendered":"https:\/\/wordpress.validthemes.net\/avrix\/?page_id=48"},"modified":"2026-04-15T23:55:28","modified_gmt":"2026-04-15T21:55:28","slug":"horses","status":"publish","type":"page","link":"https:\/\/naraequino.org\/en\/","title":{"rendered":"HORSES"},"content":{"rendered":"<div data-elementor-type=\"wp-page\" data-elementor-id=\"48\" class=\"elementor elementor-48\" data-elementor-post-type=\"page\">\n\t\t\t\t\t\t<section class=\"elementor-section elementor-top-section elementor-element elementor-element-5b9d608 elementor-section-full_width elementor-section-height-default elementor-section-height-default\" data-id=\"5b9d608\" data-element_type=\"section\" data-e-type=\"section\">\n\t\t\t\t\t\t<div class=\"elementor-container elementor-column-gap-no\">\n\t\t\t\t\t<div class=\"elementor-column elementor-col-100 elementor-top-column elementor-element elementor-element-15e3840\" data-id=\"15e3840\" data-element_type=\"column\" data-e-type=\"column\">\n\t\t\t<div class=\"elementor-widget-wrap elementor-element-populated\">\n\t\t\t\t\t\t<div class=\"elementor-element elementor-element-e0630fb elementor-widget elementor-widget-avrixprojects\" data-id=\"e0630fb\" data-element_type=\"widget\" data-e-type=\"widget\" data-widget_type=\"avrixprojects.default\">\n\t\t\t\t<div class=\"elementor-widget-container\">\n\t\t\t\t\t<div class=\"accrdion-portfolio-area\"><div class=\"container-fluid\"><!-- ACCORDION ROW --><div class=\"row\"><ul class=\"accordion-portfolio-lists text-light\" id=\"accordion\"><li class=\"\" style=\"background-image: url(https:\/\/naraequino.org\/wp-content\/uploads\/2026\/03\/IMG_2841-scaled.jpg);\"><h3>QUE ES NAR\u00c4 EQUINO?<\/h3><span>01<\/span><div class=\"accordion-overlay\"><span>NAR\u00c4 EQUINO<\/span><h2><a href=\"#\" data-bs-toggle=\"modal\" data-bs-target=\"#avrix-1\">GUARDIANS OF THE HEART<\/a><\/h2><p>It is a space with purpose, on its way to becoming a foundation dedicated to emotional, social, and cultural well-being.\n\nWe create a bridge between horses, nature, and human beings, honoring and protecting rescued horses, recognizing them as sensitive beings and teachers who guide us back to our essence.\n\nA space where care, connection, and awareness come together to generate well-being for horses, people, and the community, promoting a more conscious and sustainable way of life for the Earth.<\/p><a href=\"#\" data-bs-toggle=\"modal\" data-bs-target=\"#avrix-1\"><i class=\"fas fa-arrow-right\"><\/i><\/a><\/div><\/li><li class=\"out\" style=\"background-image: url(https:\/\/naraequino.org\/wp-content\/uploads\/2026\/03\/NARA-.png);\"><h3>TO GUARDIANS ON EARTH<\/h3><span>02<\/span><div class=\"accordion-overlay\"><span>Terapias Hol\u00edsticas equino<\/span><h2><a href=\"#\" data-bs-toggle=\"modal\" data-bs-target=\"#avrix-2\">CONNECTION WITH HORSES AND NATURE<\/a><\/h2><p>We create experiences designed for children, youth, and adults who wish to reconnect with their emotions, with nature, and with their own essence, creating a safe space where they can explore and understand their emotions through encounters with horses and nature.<\/p><a href=\"#\" data-bs-toggle=\"modal\" data-bs-target=\"#avrix-2\"><i class=\"fas fa-arrow-right\"><\/i><\/a><\/div><\/li><li class=\"\" style=\"background-image: url(https:\/\/naraequino.org\/wp-content\/uploads\/2026\/04\/Captura-de-pantalla-2026-03-26-a-las-5.59.46-p.m-scaled.png);\"><h3>GUARDIANS OF HARMONIZATION  <\/h3><span>03<\/span><div class=\"accordion-overlay\"><span>WITH HORSES <\/span><h2><a href=\"#\" data-bs-toggle=\"modal\" data-bs-target=\"#avrix-3\">ENERGY THERAPY<\/a><\/h2><p>We invite you to experience a safe space with horses.\n\nTheir sensitivity and natural connection with energy create a field of heart coherence, offering a calming presence that helps balance the body, emotions, and spirit.\nAn encounter to reconnect with yourself and allow energy to flow again.<\/p><a href=\"#\" data-bs-toggle=\"modal\" data-bs-target=\"#avrix-3\"><i class=\"fas fa-arrow-right\"><\/i><\/a><\/div><\/li><li class=\"\" style=\"background-image: url(https:\/\/naraequino.org\/wp-content\/uploads\/2026\/03\/Captura-de-pantalla-2026-03-04-a-las-1.23.07-p.m.png);\"><h3>REIKI ANIMAL<\/h3><span>04<\/span><div class=\"accordion-overlay\"><span>ANIMAL<\/span><h2><a href=\"#\" data-bs-toggle=\"modal\" data-bs-target=\"#avrix-4\">PET ENERGY THERAPY<\/a><\/h2><p>Thinking of the well-being of all beings, we have created a space of care and respect where our pets can also receive support, calm, and restoration.\nBecause they feel too, they also need rest, and they deserve well-being.<\/p><a href=\"#\" data-bs-toggle=\"modal\" data-bs-target=\"#avrix-4\"><i class=\"fas fa-arrow-right\"><\/i><\/a><\/div><\/li><\/ul><\/div><!-- BEGIN NEW ROW AFTER ACCORDION --><\/div><\/div><div class=\"popup-single-modal modal fade text-light\" id=\"avrix-1\" tabindex=\"-1\" aria-hidden=\"true\"><div class=\"modal-dialog modal-dialog-centered modal-dialog-scrollable modal-xl\"><div class=\"modal-content\"><div class=\"modal-body\"><div class=\"modal-header\"><button type=\"button\" class=\"btn-close\" data-bs-dismiss=\"modal\" aria-label=\"Close\"><\/button><\/div><div class=\"project-details-items\">\t\t<div data-elementor-type=\"wp-post\" data-elementor-id=\"2477\" class=\"elementor elementor-2477\" data-elementor-post-type=\"avrix_project\">\n\t\t\t\t<div class=\"elementor-element elementor-element-ec5ce38 e-flex e-con-boxed e-con e-parent\" data-id=\"ec5ce38\" data-element_type=\"container\" data-e-type=\"container\">\n\t\t\t\t\t<div class=\"e-con-inner\">\n\t\t\t\t<div class=\"elementor-element elementor-element-20488da elementor-button-success elementor-align-justify elementor-widget elementor-widget-button\" data-id=\"20488da\" data-element_type=\"widget\" data-e-type=\"widget\" data-widget_type=\"button.default\">\n\t\t\t\t<div class=\"elementor-widget-container\">\n\t\t\t\t\t\t\t\t\t<div class=\"elementor-button-wrapper\">\n\t\t\t\t\t<a class=\"elementor-button elementor-button-link elementor-size-sm\" href=\"https:\/\/naraequino.org\/en\/guardianes-del-cora\/\" target=\"_blank\">\n\t\t\t\t\t\t<span class=\"elementor-button-content-wrapper\">\n\t\t\t\t\t\t<span class=\"elementor-button-icon\">\n\t\t\t\t<svg aria-hidden=\"true\" class=\"e-font-icon-svg e-far-arrow-alt-circle-right\" viewbox=\"0 0 512 512\" xmlns=\"http:\/\/www.w3.org\/2000\/svg\"><path d=\"M504 256C504 119 393 8 256 8S8 119 8 256s111 248 248 248 248-111 248-248zm-448 0c0-110.5 89.5-200 200-200s200 89.5 200 200-89.5 200-200 200S56 366.5 56 256zm72 20v-40c0-6.6 5.4-12 12-12h116v-67c0-10.7 12.9-16 20.5-8.5l99 99c4.7 4.7 4.7 12.3 0 17l-99 99c-7.6 7.6-20.5 2.2-20.5-8.5v-67H140c-6.6 0-12-5.4-12-12z\"><\/path><\/svg>\t\t\t<\/span>\n\t\t\t\t\t\t\t\t\t<span class=\"elementor-button-text\">GO GUARDIANS OF THE HEART <\/span>\n\t\t\t\t\t<\/span>\n\t\t\t\t\t<\/a>\n\t\t\t\t<\/div>\n\t\t\t\t\t\t\t\t<\/div>\n\t\t\t\t<\/div>\n\t\t\t\t\t<\/div>\n\t\t\t\t<\/div>\n\t\t\t\t<\/div>\n\t\t<\/div><\/div><\/div><\/div><\/div><div class=\"popup-single-modal modal fade text-light\" id=\"avrix-2\" tabindex=\"-1\" aria-hidden=\"true\"><div class=\"modal-dialog modal-dialog-centered modal-dialog-scrollable modal-xl\"><div class=\"modal-content\"><div class=\"modal-body\"><div class=\"modal-header\"><button type=\"button\" class=\"btn-close\" data-bs-dismiss=\"modal\" aria-label=\"Close\"><\/button><\/div><div class=\"project-details-items\">\t\t<div data-elementor-type=\"wp-post\" data-elementor-id=\"2648\" class=\"elementor elementor-2648\" data-elementor-post-type=\"avrix_project\">\n\t\t\t\t<div class=\"elementor-element elementor-element-ede9cf2 e-flex e-con-boxed e-con e-parent\" data-id=\"ede9cf2\" data-element_type=\"container\" data-e-type=\"container\">\n\t\t\t\t\t<div class=\"e-con-inner\">\n\t\t\t\t<div class=\"elementor-element elementor-element-d3b8d49 elementor-button-success elementor-align-justify elementor-widget elementor-widget-button\" data-id=\"d3b8d49\" data-element_type=\"widget\" data-e-type=\"widget\" data-widget_type=\"button.default\">\n\t\t\t\t<div class=\"elementor-widget-container\">\n\t\t\t\t\t\t\t\t\t<div class=\"elementor-button-wrapper\">\n\t\t\t\t\t<a class=\"elementor-button elementor-button-link elementor-size-sm\" href=\"https:\/\/naraequino.org\/en\/guardianes-en-la-tierra\/\" target=\"_blank\">\n\t\t\t\t\t\t<span class=\"elementor-button-content-wrapper\">\n\t\t\t\t\t\t<span class=\"elementor-button-icon\">\n\t\t\t\t<svg aria-hidden=\"true\" class=\"e-font-icon-svg e-far-arrow-alt-circle-right\" viewbox=\"0 0 512 512\" xmlns=\"http:\/\/www.w3.org\/2000\/svg\"><path d=\"M504 256C504 119 393 8 256 8S8 119 8 256s111 248 248 248 248-111 248-248zm-448 0c0-110.5 89.5-200 200-200s200 89.5 200 200-89.5 200-200 200S56 366.5 56 256zm72 20v-40c0-6.6 5.4-12 12-12h116v-67c0-10.7 12.9-16 20.5-8.5l99 99c4.7 4.7 4.7 12.3 0 17l-99 99c-7.6 7.6-20.5 2.2-20.5-8.5v-67H140c-6.6 0-12-5.4-12-12z\"><\/path><\/svg>\t\t\t<\/span>\n\t\t\t\t\t\t\t\t\t<span class=\"elementor-button-text\">GO TO GUARDIANS ON EARTH <\/span>\n\t\t\t\t\t<\/span>\n\t\t\t\t\t<\/a>\n\t\t\t\t<\/div>\n\t\t\t\t\t\t\t\t<\/div>\n\t\t\t\t<\/div>\n\t\t\t\t\t<\/div>\n\t\t\t\t<\/div>\n\t\t\t\t<\/div>\n\t\t<\/div><\/div><\/div><\/div><\/div><div class=\"popup-single-modal modal fade text-light\" id=\"avrix-3\" tabindex=\"-1\" aria-hidden=\"true\"><div class=\"modal-dialog modal-dialog-centered modal-dialog-scrollable modal-xl\"><div class=\"modal-content\"><div class=\"modal-body\"><div class=\"modal-header\"><button type=\"button\" class=\"btn-close\" data-bs-dismiss=\"modal\" aria-label=\"Close\"><\/button><\/div><div class=\"project-details-items\">\t\t<div data-elementor-type=\"wp-post\" data-elementor-id=\"2650\" class=\"elementor elementor-2650\" data-elementor-post-type=\"avrix_project\">\n\t\t\t\t<div class=\"elementor-element elementor-element-4f4c5ec e-flex e-con-boxed e-con e-parent\" data-id=\"4f4c5ec\" data-element_type=\"container\" data-e-type=\"container\">\n\t\t\t\t\t<div class=\"e-con-inner\">\n\t\t\t\t<div class=\"elementor-element elementor-element-f3cdf73 elementor-align-justify elementor-widget elementor-widget-button\" data-id=\"f3cdf73\" data-element_type=\"widget\" data-e-type=\"widget\" data-widget_type=\"button.default\">\n\t\t\t\t<div class=\"elementor-widget-container\">\n\t\t\t\t\t\t\t\t\t<div class=\"elementor-button-wrapper\">\n\t\t\t\t\t<a class=\"elementor-button elementor-button-link elementor-size-sm\" href=\"https:\/\/naraequino.org\/en\/guardianes-armonia\/\" target=\"_blank\">\n\t\t\t\t\t\t<span class=\"elementor-button-content-wrapper\">\n\t\t\t\t\t\t<span class=\"elementor-button-icon\">\n\t\t\t\t<svg aria-hidden=\"true\" class=\"e-font-icon-svg e-far-arrow-alt-circle-right\" viewbox=\"0 0 512 512\" xmlns=\"http:\/\/www.w3.org\/2000\/svg\"><path d=\"M504 256C504 119 393 8 256 8S8 119 8 256s111 248 248 248 248-111 248-248zm-448 0c0-110.5 89.5-200 200-200s200 89.5 200 200-89.5 200-200 200S56 366.5 56 256zm72 20v-40c0-6.6 5.4-12 12-12h116v-67c0-10.7 12.9-16 20.5-8.5l99 99c4.7 4.7 4.7 12.3 0 17l-99 99c-7.6 7.6-20.5 2.2-20.5-8.5v-67H140c-6.6 0-12-5.4-12-12z\"><\/path><\/svg>\t\t\t<\/span>\n\t\t\t\t\t\t\t\t\t<span class=\"elementor-button-text\">GO TO GUARDIANS OF HARMONY <\/span>\n\t\t\t\t\t<\/span>\n\t\t\t\t\t<\/a>\n\t\t\t\t<\/div>\n\t\t\t\t\t\t\t\t<\/div>\n\t\t\t\t<\/div>\n\t\t\t\t\t<\/div>\n\t\t\t\t<\/div>\n\t\t\t\t<\/div>\n\t\t<\/div><\/div><\/div><\/div><\/div><div class=\"popup-single-modal modal fade text-light\" id=\"avrix-4\" tabindex=\"-1\" aria-hidden=\"true\"><div class=\"modal-dialog modal-dialog-centered modal-dialog-scrollable modal-xl\"><div class=\"modal-content\"><div class=\"modal-body\"><div class=\"modal-header\"><button type=\"button\" class=\"btn-close\" data-bs-dismiss=\"modal\" aria-label=\"Close\"><\/button><\/div><div class=\"project-details-items\">\t\t<div data-elementor-type=\"wp-post\" data-elementor-id=\"2654\" class=\"elementor elementor-2654\" data-elementor-post-type=\"avrix_project\">\n\t\t\t\t<div class=\"elementor-element elementor-element-9ebe82d e-flex e-con-boxed e-con e-parent\" data-id=\"9ebe82d\" data-element_type=\"container\" data-e-type=\"container\">\n\t\t\t\t\t<div class=\"e-con-inner\">\n\t\t<div class=\"elementor-element elementor-element-b0f420e e-con-full e-flex e-con e-child\" data-id=\"b0f420e\" data-element_type=\"container\" data-e-type=\"container\">\n\t\t\t\t<div class=\"elementor-element elementor-element-2ae5171 elementor-button-success elementor-align-justify elementor-widget elementor-widget-button\" data-id=\"2ae5171\" data-element_type=\"widget\" data-e-type=\"widget\" data-widget_type=\"button.default\">\n\t\t\t\t<div class=\"elementor-widget-container\">\n\t\t\t\t\t\t\t\t\t<div class=\"elementor-button-wrapper\">\n\t\t\t\t\t<a class=\"elementor-button elementor-button-link elementor-size-sm\" href=\"https:\/\/naraequino.org\/en\/reiki-animal\/\" target=\"_blank\">\n\t\t\t\t\t\t<span class=\"elementor-button-content-wrapper\">\n\t\t\t\t\t\t<span class=\"elementor-button-icon\">\n\t\t\t\t<svg aria-hidden=\"true\" class=\"e-font-icon-svg e-far-arrow-alt-circle-right\" viewbox=\"0 0 512 512\" xmlns=\"http:\/\/www.w3.org\/2000\/svg\"><path d=\"M504 256C504 119 393 8 256 8S8 119 8 256s111 248 248 248 248-111 248-248zm-448 0c0-110.5 89.5-200 200-200s200 89.5 200 200-89.5 200-200 200S56 366.5 56 256zm72 20v-40c0-6.6 5.4-12 12-12h116v-67c0-10.7 12.9-16 20.5-8.5l99 99c4.7 4.7 4.7 12.3 0 17l-99 99c-7.6 7.6-20.5 2.2-20.5-8.5v-67H140c-6.6 0-12-5.4-12-12z\"><\/path><\/svg>\t\t\t<\/span>\n\t\t\t\t\t\t\t\t\t<span class=\"elementor-button-text\">GO TO THERAPY FOR OUR PETS \/ HORSES \/ WILDLIFE  <\/span>\n\t\t\t\t\t<\/span>\n\t\t\t\t\t<\/a>\n\t\t\t\t<\/div>\n\t\t\t\t\t\t\t\t<\/div>\n\t\t\t\t<\/div>\n\t\t\t\t<\/div>\n\t\t\t\t\t<\/div>\n\t\t\t\t<\/div>\n\t\t\t\t<\/div>\n\t\t<\/div><\/div><\/div><\/div><\/div>\t\t\t\t<\/div>\n\t\t\t\t<\/div>\n\t\t\t\t\t<\/div>\n\t\t<\/div>\n\t\t\t\t\t<\/div>\n\t\t<\/section>\n\t\t\t\t<\/div>","protected":false},"excerpt":{"rendered":"<p>QUE ES NAR\u00c4 EQUINO? 01NAR\u00c4 EQUINO GUARDIANES DEL CORAZ\u00d3N Es un espacio con prop\u00f3sito, en camino a consolidarse como una fundaci\u00f3n dedicada al bienestar emocional, social y cultural. Creamos un puente entre los caballos, la naturaleza y los seres humanos, honrando y protegiendo a caballos rescatados, reconoci\u00e9ndolos como seres sensibles y maestros que nos gu\u00edan&#8230;<\/p>","protected":false},"author":1,"featured_media":2252,"parent":0,"menu_order":0,"comment_status":"closed","ping_status":"closed","template":"template-builder.php","meta":{"_monsterinsights_skip_tracking":false,"_monsterinsights_sitenote_active":false,"_monsterinsights_sitenote_note":"","_monsterinsights_sitenote_category":0,"footnotes":""},"class_list":["post-48","page","type-page","status-publish","has-post-thumbnail","hentry"],"aioseo_notices":[],"_links":{"self":[{"href":"https:\/\/naraequino.org\/en\/wp-json\/wp\/v2\/pages\/48","targetHints":{"allow":["GET"]}}],"collection":[{"href":"https:\/\/naraequino.org\/en\/wp-json\/wp\/v2\/pages"}],"about":[{"href":"https:\/\/naraequino.org\/en\/wp-json\/wp\/v2\/types\/page"}],"author":[{"embeddable":true,"href":"https:\/\/naraequino.org\/en\/wp-json\/wp\/v2\/users\/1"}],"replies":[{"embeddable":true,"href":"https:\/\/naraequino.org\/en\/wp-json\/wp\/v2\/comments?post=48"}],"version-history":[{"count":211,"href":"https:\/\/naraequino.org\/en\/wp-json\/wp\/v2\/pages\/48\/revisions"}],"predecessor-version":[{"id":4062,"href":"https:\/\/naraequino.org\/en\/wp-json\/wp\/v2\/pages\/48\/revisions\/4062"}],"wp:featuredmedia":[{"embeddable":true,"href":"https:\/\/naraequino.org\/en\/wp-json\/wp\/v2\/media\/2252"}],"wp:attachment":[{"href":"https:\/\/naraequino.org\/en\/wp-json\/wp\/v2\/media?parent=48"}],"curies":[{"name":"wp","href":"https:\/\/api.w.org\/{rel}","templated":true}]}}